{"id":269,"date":"2025-12-12T11:33:42","date_gmt":"2025-12-12T11:33:42","guid":{"rendered":"https:\/\/georigen.com\/?page_id=269"},"modified":"2025-12-12T11:37:10","modified_gmt":"2025-12-12T11:37:10","slug":"politica-de-cookies","status":"publish","type":"page","link":"https:\/\/georigen.com\/es\/politica-de-cookies\/","title":{"rendered":"Pol\u00edtica de cookies"},"content":{"rendered":"<div data-elementor-type=\"wp-page\" data-elementor-id=\"269\" class=\"elementor elementor-269\" data-elementor-post-type=\"page\">\n\t\t\t\t<div class=\"elementor-element elementor-element-57af3df e-flex e-con-boxed e-con e-parent\" data-id=\"57af3df\" data-element_type=\"container\">\n\t\t\t\t\t<div class=\"e-con-inner\">\n\t\t\t\t<div class=\"elementor-element elementor-element-3ce674b elementor-widget elementor-widget-heading\" data-id=\"3ce674b\" data-element_type=\"widget\" data-widget_type=\"heading.default\">\n\t\t\t\t\t<h1 class=\"elementor-heading-title elementor-size-default\">Pol\u00edtica de cookies<\/h1>\t\t\t\t<\/div>\n\t\t\t\t<div class=\"elementor-element elementor-element-9197283 elementor-widget elementor-widget-text-editor\" data-id=\"9197283\" data-element_type=\"widget\" data-widget_type=\"text-editor.default\">\n\t\t\t\t\t\t\t\t\t<p data-start=\"286\" data-end=\"531\">Aquest lloc web <strong data-start=\"302\" data-end=\"322\">www.georigen.com<\/strong>, titularitat de <strong data-start=\"339\" data-end=\"365\">GEORIGEN LLIBERIA&#8217;S SL<\/strong>, utilitza cookies pr\u00f2pies i de tercers amb la finalitat de garantir el correcte funcionament del lloc web i, si escau, analitzar l\u2019\u00fas que fan els usuaris del mateix.<\/p>\n<h3 data-start=\"533\" data-end=\"560\">1. Qu\u00e8 s\u00f3n les cookies?<\/h3>\n<p data-start=\"562\" data-end=\"874\">Les cookies s\u00f3n petits arxius de text que es descarreguen al dispositiu de l\u2019usuari quan visita un lloc web. Permeten, entre d\u2019altres, emmagatzemar i recuperar informaci\u00f3 sobre els h\u00e0bits de navegaci\u00f3 d\u2019un usuari o del seu equip i, segons la informaci\u00f3 que continguin, poden utilitzar-se per recon\u00e8ixer l\u2019usuari.<\/p>\n<h3 data-start=\"876\" data-end=\"911\">2. Tipus de cookies utilitzades<\/h3>\n<p data-start=\"913\" data-end=\"973\">Aquest lloc web pot utilitzar els seg\u00fcents tipus de cookies:<\/p>\n<h4 data-start=\"975\" data-end=\"1014\">a) Cookies t\u00e8cniques o necess\u00e0ries<\/h4>\n<p data-start=\"1015\" data-end=\"1199\">S\u00f3n aquelles que permeten la navegaci\u00f3 a trav\u00e9s del lloc web i l\u2019\u00fas de les diferents opcions o serveis que ofereix, com ara l\u2019acc\u00e9s a \u00e0rees segures o el correcte funcionament del lloc.<\/p>\n<h4 data-start=\"1201\" data-end=\"1237\">b) Cookies d\u2019an\u00e0lisi (si escau)<\/h4>\n<p data-start=\"1238\" data-end=\"1457\">Permeten el seguiment i an\u00e0lisi del comportament dels usuaris del lloc web. La informaci\u00f3 recollida s\u2019utilitza per mesurar l\u2019activitat del lloc web i elaborar perfils de navegaci\u00f3 amb la finalitat de millorar el servei.<\/p>\n<blockquote data-start=\"1459\" data-end=\"1649\">\n<p data-start=\"1461\" data-end=\"1649\">Actualment, aquest lloc web utilitza cookies d\u2019an\u00e0lisi de tercers com ara Google Analytics. Aquestes cookies nom\u00e9s s\u2019instal\u00b7laran amb el consentiment previ de l\u2019usuari.<\/p>\n<\/blockquote>\n<p data-start=\"1651\" data-end=\"1765\"><em data-start=\"1651\" data-end=\"1765\">(Pots deixar el text tal qual o indicar-me si ara mateix NO utilitzeu cap cookie anal\u00edtica i t\u2019ho deixo tancat.)<\/em><\/p>\n<h4 data-start=\"1767\" data-end=\"1793\">c) Cookies de tercers<\/h4>\n<p data-start=\"1794\" data-end=\"1934\">Aquest lloc web pot utilitzar serveis de tercers que, per compte del titular, recopilen informaci\u00f3 amb finalitats estad\u00edstiques o t\u00e8cniques.<\/p>\n<h3 data-start=\"1936\" data-end=\"1974\">3. Cookies utilitzades al lloc web<\/h3>\n<p data-start=\"1976\" data-end=\"2056\">A continuaci\u00f3 es detallen les cookies que poden utilitzar-se en aquest lloc web:<\/p>\n<div class=\"TyagGW_tableContainer\">\n<div class=\"group TyagGW_tableWrapper flex w-fit flex-col-reverse\" tabindex=\"-1\">\n<table class=\"w-fit min-w-(--thread-content-width)\" data-start=\"2058\" data-end=\"2310\">\n<thead data-start=\"2058\" data-end=\"2107\">\n<tr data-start=\"2058\" data-end=\"2107\">\n<th data-start=\"2058\" data-end=\"2067\" data-col-size=\"sm\">Cookie<\/th>\n<th data-start=\"2067\" data-end=\"2075\" data-col-size=\"sm\">Tipus<\/th>\n<th data-start=\"2075\" data-end=\"2087\" data-col-size=\"sm\">Finalitat<\/th>\n<th data-start=\"2087\" data-end=\"2096\" data-col-size=\"sm\">Durada<\/th>\n<th data-start=\"2096\" data-end=\"2107\" data-col-size=\"sm\">Titular<\/th>\n<\/tr>\n<\/thead>\n<tbody data-start=\"2152\" data-end=\"2310\">\n<tr data-start=\"2152\" data-end=\"2240\">\n<td data-start=\"2152\" data-end=\"2173\" data-col-size=\"sm\">cookies_acceptades<\/td>\n<td data-col-size=\"sm\" data-start=\"2173\" data-end=\"2183\">T\u00e8cnica<\/td>\n<td data-col-size=\"sm\" data-start=\"2183\" data-end=\"2222\">Gestionar el consentiment de cookies<\/td>\n<td data-col-size=\"sm\" data-start=\"2222\" data-end=\"2230\">1 any<\/td>\n<td data-col-size=\"sm\" data-start=\"2230\" data-end=\"2240\">Pr\u00f2pia<\/td>\n<\/tr>\n<tr data-start=\"2241\" data-end=\"2310\">\n<td data-start=\"2241\" data-end=\"2254\" data-col-size=\"sm\">_ga \/ _gid<\/td>\n<td data-col-size=\"sm\" data-start=\"2254\" data-end=\"2266\">Anal\u00edtica<\/td>\n<td data-col-size=\"sm\" data-start=\"2266\" data-end=\"2289\">An\u00e0lisi de navegaci\u00f3<\/td>\n<td data-col-size=\"sm\" data-start=\"2289\" data-end=\"2300\">1\u20132 anys<\/td>\n<td data-col-size=\"sm\" data-start=\"2300\" data-end=\"2310\">Google<\/td>\n<\/tr>\n<\/tbody>\n<\/table>\n<\/div>\n<\/div>\n<p data-start=\"2312\" data-end=\"2395\"><em data-start=\"2312\" data-end=\"2395\">(Aquesta taula \u00e9s orientativa i es pot ajustar segons les cookies reals del web.)<\/em><\/p>\n<h3 data-start=\"2397\" data-end=\"2436\">4. Gesti\u00f3 i configuraci\u00f3 de cookies<\/h3>\n<p data-start=\"2438\" data-end=\"2660\">L\u2019usuari pot permetre, bloquejar o eliminar les cookies instal\u00b7lades al seu dispositiu mitjan\u00e7ant la configuraci\u00f3 de les opcions del navegador que utilitzi. A continuaci\u00f3 es proporcionen enlla\u00e7os als principals navegadors:<\/p>\n<ul data-start=\"2662\" data-end=\"2729\">\n<li data-start=\"2662\" data-end=\"2679\">\n<p data-start=\"2664\" data-end=\"2679\">Google Chrome<\/p>\n<\/li>\n<li data-start=\"2680\" data-end=\"2699\">\n<p data-start=\"2682\" data-end=\"2699\">Mozilla Firefox<\/p>\n<\/li>\n<li data-start=\"2700\" data-end=\"2710\">\n<p data-start=\"2702\" data-end=\"2710\">Safari<\/p>\n<\/li>\n<li data-start=\"2711\" data-end=\"2729\">\n<p data-start=\"2713\" data-end=\"2729\">Microsoft Edge<\/p>\n<\/li>\n<\/ul>\n<p data-start=\"2731\" data-end=\"2808\">La desactivaci\u00f3 de cookies pot afectar el correcte funcionament del lloc web.<\/p>\n<h3 data-start=\"2810\" data-end=\"2853\">5. Acceptaci\u00f3 de la pol\u00edtica de cookies<\/h3>\n<p data-start=\"2855\" data-end=\"3101\">En accedir a aquest lloc web, l\u2019usuari \u00e9s informat de l\u2019\u00fas de cookies mitjan\u00e7ant un b\u00e0ner o av\u00eds informatiu. L\u2019usuari pot <strong data-start=\"2977\" data-end=\"3012\">acceptar, rebutjar o configurar<\/strong> les cookies, excepte aquelles estrictament necess\u00e0ries per al funcionament del lloc web.<\/p>\n<h3 data-start=\"3103\" data-end=\"3149\">6. Modificacions de la pol\u00edtica de cookies<\/h3>\n<p data-start=\"3151\" data-end=\"3352\">GEORIGEN LLIBERIA&#8217;S SL es reserva el dret a modificar la present pol\u00edtica de cookies en funci\u00f3 de noves exig\u00e8ncies legislatives o t\u00e8cniques. Qualsevol modificaci\u00f3 ser\u00e0 degudament publicada al lloc web.<\/p>\n<h3 data-start=\"3354\" data-end=\"3382\">7. Dades del responsable<\/h3>\n<p data-start=\"3384\" data-end=\"3632\"><strong data-start=\"3384\" data-end=\"3400\">Responsable:<\/strong> GEORIGEN LLIBERIA&#8217;S SL<br data-start=\"3423\" data-end=\"3426\"><strong data-start=\"3426\" data-end=\"3444\">Nom comercial:<\/strong> Georigen<br data-start=\"3453\" data-end=\"3456\"><strong data-start=\"3456\" data-end=\"3464\">CIF:<\/strong> B75563122<br data-start=\"3474\" data-end=\"3477\"><strong data-start=\"3477\" data-end=\"3497\">Domicili social:<\/strong> Avenida Catalunya 185\u00ba B, 17300 Blanes (Girona), Espanya<br data-start=\"3554\" data-end=\"3557\"><strong data-start=\"3557\" data-end=\"3579\">Correu electr\u00f2nic:<\/strong> <a class=\"decorated-link cursor-pointer\" rel=\"noopener\" data-start=\"3580\" data-end=\"3597\">info@georigen.cat<\/a><br data-start=\"3597\" data-end=\"3600\"><strong data-start=\"3600\" data-end=\"3613\">Lloc web:<\/strong> <a class=\"decorated-link\" href=\"https:\/\/georigen.com\/es\/\" target=\"_new\" rel=\"noopener\" data-start=\"3614\" data-end=\"3630\">www.georigen.com<\/a><\/p>\t\t\t\t\t\t\t\t<\/div>\n\t\t\t\t\t<\/div>\n\t\t\t\t<\/div>\n\t\t\t\t<\/div>","protected":false},"excerpt":{"rendered":"<p>Pol\u00edtica de cookies Aquest lloc web www.georigen.com, titularitat de GEORIGEN LLIBERIA&#8217;S SL, utilitza cookies pr\u00f2pies i de tercers amb la finalitat de garantir el correcte funcionament del lloc web i, si escau, analitzar l\u2019\u00fas que fan els usuaris del mateix. 1. Qu\u00e8 s\u00f3n les cookies? Les cookies s\u00f3n petits arxius de text que es descarreguen [&hellip;]<\/p>","protected":false},"author":1,"featured_media":0,"parent":0,"menu_order":0,"comment_status":"closed","ping_status":"closed","template":"","meta":{"_acf_changed":false,"inline_featured_image":false,"footnotes":""},"class_list":["post-269","page","type-page","status-publish","hentry"],"acf":[],"_links":{"self":[{"href":"https:\/\/georigen.com\/es\/wp-json\/wp\/v2\/pages\/269","targetHints":{"allow":["GET"]}}],"collection":[{"href":"https:\/\/georigen.com\/es\/wp-json\/wp\/v2\/pages"}],"about":[{"href":"https:\/\/georigen.com\/es\/wp-json\/wp\/v2\/types\/page"}],"author":[{"embeddable":true,"href":"https:\/\/georigen.com\/es\/wp-json\/wp\/v2\/users\/1"}],"replies":[{"embeddable":true,"href":"https:\/\/georigen.com\/es\/wp-json\/wp\/v2\/comments?post=269"}],"version-history":[{"count":7,"href":"https:\/\/georigen.com\/es\/wp-json\/wp\/v2\/pages\/269\/revisions"}],"predecessor-version":[{"id":277,"href":"https:\/\/georigen.com\/es\/wp-json\/wp\/v2\/pages\/269\/revisions\/277"}],"wp:attachment":[{"href":"https:\/\/georigen.com\/es\/wp-json\/wp\/v2\/media?parent=269"}],"curies":[{"name":"wp","href":"https:\/\/api.w.org\/{rel}","templated":true}]}}