{"id":264,"date":"2025-12-12T11:31:21","date_gmt":"2025-12-12T11:31:21","guid":{"rendered":"https:\/\/georigen.com\/?page_id=264"},"modified":"2025-12-12T11:32:43","modified_gmt":"2025-12-12T11:32:43","slug":"politica-de-privadesa","status":"publish","type":"page","link":"https:\/\/georigen.com\/es\/politica-de-privadesa\/","title":{"rendered":"Pol\u00edtica de privacidad"},"content":{"rendered":"<div data-elementor-type=\"wp-page\" data-elementor-id=\"264\" class=\"elementor elementor-264\" data-elementor-post-type=\"page\">\n\t\t\t\t<div class=\"elementor-element elementor-element-a0637a3 e-flex e-con-boxed e-con e-parent\" data-id=\"a0637a3\" data-element_type=\"container\">\n\t\t\t\t\t<div class=\"e-con-inner\">\n\t\t\t\t<div class=\"elementor-element elementor-element-01d60fc elementor-widget elementor-widget-heading\" data-id=\"01d60fc\" data-element_type=\"widget\" data-widget_type=\"heading.default\">\n\t\t\t\t\t<h1 class=\"elementor-heading-title elementor-size-default\">Pol\u00edtica de privacidad\n\n<\/h1>\t\t\t\t<\/div>\n\t\t\t\t<div class=\"elementor-element elementor-element-2815fe3 elementor-widget elementor-widget-text-editor\" data-id=\"2815fe3\" data-element_type=\"widget\" data-widget_type=\"text-editor.default\">\n\t\t\t\t\t\t\t\t\t<p data-start=\"219\" data-end=\"597\">En compliment del Reglament (UE) 2016\/679 del Parlament Europeu i del Consell, de 27 d\u2019abril de 2016 (Reglament General de Protecci\u00f3 de Dades \u2013 RGPD), i de la Llei Org\u00e0nica 3\/2018, de 5 de desembre, de protecci\u00f3 de dades personals i garantia dels drets digitals (LOPDGDD), s\u2019informa els usuaris del lloc web <strong data-start=\"527\" data-end=\"547\">www.georigen.com<\/strong> sobre el tractament de les seves dades personals.<\/p><h3 data-start=\"599\" data-end=\"632\">1. Responsable del tractament<\/h3><p data-start=\"634\" data-end=\"882\"><strong data-start=\"634\" data-end=\"650\">Responsable:<\/strong> GEORIGEN LLIBERIA&#8217;S SL<br data-start=\"673\" data-end=\"676\" \/><strong data-start=\"676\" data-end=\"694\">Nom comercial:<\/strong> Georigen<br data-start=\"703\" data-end=\"706\" \/><strong data-start=\"706\" data-end=\"714\">CIF:<\/strong> B75563122<br data-start=\"724\" data-end=\"727\" \/><strong data-start=\"727\" data-end=\"747\">Domicili social:<\/strong> Avenida Catalunya 185\u00ba B, 17300 Blanes (Girona), Espanya<br data-start=\"804\" data-end=\"807\" \/><strong data-start=\"807\" data-end=\"829\">Correu electr\u00f2nic:<\/strong> <a class=\"decorated-link cursor-pointer\" rel=\"noopener\" data-start=\"830\" data-end=\"847\">info@georigen.cat<\/a><br data-start=\"847\" data-end=\"850\" \/><strong data-start=\"850\" data-end=\"863\">Lloc web:<\/strong> www.georigen.com<\/p><h3 data-start=\"884\" data-end=\"922\">2. Dades personals que es recullen<\/h3><p data-start=\"924\" data-end=\"1021\">GEORIGEN LLIBERIA&#8217;S SL pot recollir i tractar les seg\u00fcents dades personals a trav\u00e9s del lloc web:<\/p><ul data-start=\"1023\" data-end=\"1270\"><li data-start=\"1023\" data-end=\"1063\"><p data-start=\"1025\" data-end=\"1063\">Dades identificatives: nom i cognoms<\/p><\/li><li data-start=\"1064\" data-end=\"1136\"><p data-start=\"1066\" data-end=\"1136\">Dades de contacte: adre\u00e7a de correu electr\u00f2nic, tel\u00e8fon (si s\u2019escau)<\/p><\/li><li data-start=\"1137\" data-end=\"1270\"><p data-start=\"1139\" data-end=\"1270\">Qualsevol altra dada que l\u2019usuari faciliti volunt\u00e0riament mitjan\u00e7ant formularis de contacte o comunicacions per correu electr\u00f2nic<\/p><\/li><\/ul><p data-start=\"1272\" data-end=\"1317\">No es recullen dades especialment protegides.<\/p><h3 data-start=\"1319\" data-end=\"1363\">3. Finalitat del tractament de les dades<\/h3><p data-start=\"1365\" data-end=\"1451\">Les dades personals facilitades per l\u2019usuari es tractaran amb les seg\u00fcents finalitats:<\/p><ul data-start=\"1453\" data-end=\"1717\"><li data-start=\"1453\" data-end=\"1547\"><p data-start=\"1455\" data-end=\"1547\">Atendre consultes, sol\u00b7licituds d\u2019informaci\u00f3 o peticions realitzades a trav\u00e9s del lloc web<\/p><\/li><li data-start=\"1548\" data-end=\"1609\"><p data-start=\"1550\" data-end=\"1609\">Gestionar la relaci\u00f3 comercial o informativa amb l\u2019usuari<\/p><\/li><li data-start=\"1610\" data-end=\"1667\"><p data-start=\"1612\" data-end=\"1667\">Respondre comunicacions rebudes per correu electr\u00f2nic<\/p><\/li><li data-start=\"1668\" data-end=\"1717\"><p data-start=\"1670\" data-end=\"1717\">Complir amb les obligacions legals aplicables<\/p><\/li><\/ul><p data-start=\"1719\" data-end=\"1802\">En cap cas les dades seran utilitzades per a finalitats diferents de les descrites.<\/p><h3 data-start=\"1804\" data-end=\"1836\">4. Base legal del tractament<\/h3><p data-start=\"1838\" data-end=\"1896\">La base legal per al tractament de les dades personals \u00e9s:<\/p><ul data-start=\"1898\" data-end=\"2136\"><li data-start=\"1898\" data-end=\"1986\"><p data-start=\"1900\" data-end=\"1986\">El <strong data-start=\"1903\" data-end=\"1931\">consentiment de l\u2019usuari<\/strong>, atorgat en facilitar volunt\u00e0riament les seves dades<\/p><\/li><li data-start=\"1987\" data-end=\"2057\"><p data-start=\"1989\" data-end=\"2057\">L\u2019<strong data-start=\"1991\" data-end=\"2045\">execuci\u00f3 de mesures precontractuals o contractuals<\/strong>, si escau<\/p><\/li><li data-start=\"2058\" data-end=\"2136\"><p data-start=\"2060\" data-end=\"2136\">El <strong data-start=\"2063\" data-end=\"2098\">compliment d\u2019obligacions legals<\/strong> aplicables a GEORIGEN LLIBERIA&#8217;S SL<\/p><\/li><\/ul><h3 data-start=\"2138\" data-end=\"2169\">5. Conservaci\u00f3 de les dades<\/h3><p data-start=\"2171\" data-end=\"2413\">Les dades personals es conservaran durant el temps estrictament necessari per complir amb la finalitat per a la qual es van recollir i, posteriorment, durant els terminis legalment establerts per complir amb possibles responsabilitats legals.<\/p><h3 data-start=\"2415\" data-end=\"2447\">6. Destinataris de les dades<\/h3><p data-start=\"2449\" data-end=\"2759\">Les dades personals no es cediran a tercers, excepte obligaci\u00f3 legal o quan sigui estrictament necessari per a la prestaci\u00f3 d\u2019un servei vinculat a l\u2019activitat del lloc web (prove\u00efdors de serveis tecnol\u00f2gics o d\u2019allotjament web), amb els quals s\u2019han subscrit els corresponents contractes de tractament de dades.<\/p><h3 data-start=\"2761\" data-end=\"2785\">7. Drets de l\u2019usuari<\/h3><p data-start=\"2787\" data-end=\"2806\">L\u2019usuari t\u00e9 dret a:<\/p><ul data-start=\"2808\" data-end=\"3146\"><li data-start=\"2808\" data-end=\"2847\"><p data-start=\"2810\" data-end=\"2847\">Accedir a les seves dades personals<\/p><\/li><li data-start=\"2848\" data-end=\"2896\"><p data-start=\"2850\" data-end=\"2896\">Rectificar les dades inexactes o incompletes<\/p><\/li><li data-start=\"2897\" data-end=\"2974\"><p data-start=\"2899\" data-end=\"2974\">Sol\u00b7licitar la supressi\u00f3 de les seves dades quan ja no siguin necess\u00e0ries<\/p><\/li><li data-start=\"2975\" data-end=\"3031\"><p data-start=\"2977\" data-end=\"3031\">Limitar o oposar-se al tractament de les seves dades<\/p><\/li><li data-start=\"3032\" data-end=\"3098\"><p data-start=\"3034\" data-end=\"3098\">Sol\u00b7licitar la portabilitat de les dades, quan sigui aplicable<\/p><\/li><li data-start=\"3099\" data-end=\"3146\"><p data-start=\"3101\" data-end=\"3146\">Retirar el consentiment en qualsevol moment<\/p><\/li><\/ul><p data-start=\"3148\" data-end=\"3308\">Per exercir aquests drets, l\u2019usuari pot enviar una sol\u00b7licitud escrita, adjuntant c\u00f2pia d\u2019un document identificatiu, al correu electr\u00f2nic <strong data-start=\"3286\" data-end=\"3307\"><a class=\"decorated-link cursor-pointer\" rel=\"noopener\" data-start=\"3288\" data-end=\"3305\">info@georigen.cat<\/a><\/strong>.<\/p><h3 data-start=\"3310\" data-end=\"3337\">8. Mesures de seguretat<\/h3><p data-start=\"3339\" data-end=\"3567\">GEORIGEN LLIBERIA&#8217;S SL adopta les mesures t\u00e8cniques i organitzatives necess\u00e0ries per garantir la seguretat, integritat i confidencialitat de les dades personals, evitant-ne la p\u00e8rdua, alteraci\u00f3, tractament o acc\u00e9s no autoritzat.<\/p><h3 data-start=\"3569\" data-end=\"3589\">9. Menors d\u2019edat<\/h3><p data-start=\"3591\" data-end=\"3814\">Aquest lloc web no est\u00e0 dirigit a menors de 14 anys. GEORIGEN LLIBERIA&#8217;S SL no es fa responsable del tractament de dades personals de menors que hagin estat facilitades sense el consentiment dels seus pares o tutors legals.<\/p><h3 data-start=\"3816\" data-end=\"3865\">10. Modificacions de la pol\u00edtica de privadesa<\/h3><p data-start=\"3867\" data-end=\"4073\">GEORIGEN LLIBERIA&#8217;S SL es reserva el dret a modificar la present pol\u00edtica de privadesa per adaptar-la a novetats legislatives o jurisprudencials. Qualsevol modificaci\u00f3 ser\u00e0 degudament publicada al lloc web.<\/p><h3 data-start=\"4075\" data-end=\"4103\">11. Autoritat de control<\/h3><p data-start=\"4105\" data-end=\"4292\">En cas que l\u2019usuari consideri que s\u2019han vulnerat els seus drets en mat\u00e8ria de protecci\u00f3 de dades, pot presentar una reclamaci\u00f3 davant l\u2019<strong data-start=\"4241\" data-end=\"4291\">Ag\u00e8ncia Espanyola de Protecci\u00f3 de Dades (AEPD)<\/strong>.<\/p>\t\t\t\t\t\t\t\t<\/div>\n\t\t\t\t\t<\/div>\n\t\t\t\t<\/div>\n\t\t\t\t<\/div>","protected":false},"excerpt":{"rendered":"<p>Pol\u00edtica de privadesa En compliment del Reglament (UE) 2016\/679 del Parlament Europeu i del Consell, de 27 d\u2019abril de 2016 (Reglament General de Protecci\u00f3 de Dades \u2013 RGPD), i de la Llei Org\u00e0nica 3\/2018, de 5 de desembre, de protecci\u00f3 de dades personals i garantia dels drets digitals (LOPDGDD), s\u2019informa els usuaris del lloc web [&hellip;]<\/p>","protected":false},"author":1,"featured_media":0,"parent":0,"menu_order":0,"comment_status":"closed","ping_status":"closed","template":"","meta":{"_acf_changed":false,"inline_featured_image":false,"footnotes":""},"class_list":["post-264","page","type-page","status-publish","hentry"],"acf":[],"_links":{"self":[{"href":"https:\/\/georigen.com\/es\/wp-json\/wp\/v2\/pages\/264","targetHints":{"allow":["GET"]}}],"collection":[{"href":"https:\/\/georigen.com\/es\/wp-json\/wp\/v2\/pages"}],"about":[{"href":"https:\/\/georigen.com\/es\/wp-json\/wp\/v2\/types\/page"}],"author":[{"embeddable":true,"href":"https:\/\/georigen.com\/es\/wp-json\/wp\/v2\/users\/1"}],"replies":[{"embeddable":true,"href":"https:\/\/georigen.com\/es\/wp-json\/wp\/v2\/comments?post=264"}],"version-history":[{"count":4,"href":"https:\/\/georigen.com\/es\/wp-json\/wp\/v2\/pages\/264\/revisions"}],"predecessor-version":[{"id":268,"href":"https:\/\/georigen.com\/es\/wp-json\/wp\/v2\/pages\/264\/revisions\/268"}],"wp:attachment":[{"href":"https:\/\/georigen.com\/es\/wp-json\/wp\/v2\/media?parent=264"}],"curies":[{"name":"wp","href":"https:\/\/api.w.org\/{rel}","templated":true}]}}