{"id":255,"date":"2025-12-12T11:19:38","date_gmt":"2025-12-12T11:19:38","guid":{"rendered":"https:\/\/georigen.com\/?page_id=255"},"modified":"2025-12-12T11:30:50","modified_gmt":"2025-12-12T11:30:50","slug":"avis-legal","status":"publish","type":"page","link":"https:\/\/georigen.com\/es\/avis-legal\/","title":{"rendered":"Aviso legal"},"content":{"rendered":"<div data-elementor-type=\"wp-page\" data-elementor-id=\"255\" class=\"elementor elementor-255\" data-elementor-post-type=\"page\">\n\t\t\t\t<div class=\"elementor-element elementor-element-74e51fe e-flex e-con-boxed e-con e-parent\" data-id=\"74e51fe\" data-element_type=\"container\">\n\t\t\t\t\t<div class=\"e-con-inner\">\n\t\t\t\t<div class=\"elementor-element elementor-element-9821a6e elementor-widget elementor-widget-heading\" data-id=\"9821a6e\" data-element_type=\"widget\" data-widget_type=\"heading.default\">\n\t\t\t\t\t<h1 class=\"elementor-heading-title elementor-size-default\">Aviso legal<\/h1>\t\t\t\t<\/div>\n\t\t\t\t<div class=\"elementor-element elementor-element-8705ea7 elementor-widget elementor-widget-text-editor\" data-id=\"8705ea7\" data-element_type=\"widget\" data-widget_type=\"text-editor.default\">\n\t\t\t\t\t\t\t\t\t<p data-start=\"243\" data-end=\"427\">En compliment amb el deure d\u2019informaci\u00f3 establert a la Llei 34\/2002, d\u201911 de juliol, de serveis de la societat de la informaci\u00f3 i de comer\u00e7 electr\u00f2nic (LSSI-CE), s\u2019informa del seg\u00fcent:<\/p><h3 data-start=\"429\" data-end=\"457\">1. Dades identificatives<\/h3><p data-start=\"459\" data-end=\"693\">Titular del lloc web: <strong data-start=\"481\" data-end=\"493\">GEORIGEN LLIBERIA&#8217;S SL<\/strong><br data-start=\"493\" data-end=\"496\" \/>Nom comercial: <strong data-start=\"511\" data-end=\"523\">Georigen<\/strong><br data-start=\"523\" data-end=\"526\" \/>CIF: B75563122<br data-start=\"556\" data-end=\"559\" \/>Domicili social: Avenida Catalunya 185\u00ba B 17300. 17300, Blanes (Girona). Espa\u00f1a<br data-start=\"597\" data-end=\"600\" \/>Correu electr\u00f2nic de contacte: <strong data-start=\"631\" data-end=\"654\">info@georigen.cat<\/strong><br data-start=\"654\" data-end=\"657\" \/>Nom del domini: <strong data-start=\"673\" data-end=\"693\">www.georigen.com<\/strong><\/p><h3 data-start=\"695\" data-end=\"709\">2. Objecte<\/h3><p data-start=\"711\" data-end=\"940\">El present av\u00eds legal regula l\u2019acc\u00e9s, la navegaci\u00f3 i l\u2019\u00fas del lloc web <strong data-start=\"782\" data-end=\"798\">georigen.com<\/strong>, aix\u00ed com les responsabilitats derivades de la utilitzaci\u00f3 dels seus continguts (textos, imatges, gr\u00e0fics, dissenys, codi, programari, etc.).<\/p><p data-start=\"942\" data-end=\"1081\">L\u2019acc\u00e9s i\/o \u00fas del lloc web atribueix la condici\u00f3 d\u2019usuari, que accepta, des d\u2019aquest mateix moment, totes les condicions aqu\u00ed reflectides.<\/p><h3 data-start=\"1083\" data-end=\"1105\">3. Condicions d\u2019\u00fas<\/h3><p data-start=\"1107\" data-end=\"1291\">L\u2019usuari es compromet a fer un \u00fas adequat dels continguts i serveis que Georigen ofereix a trav\u00e9s del seu lloc web i, amb car\u00e0cter enunciatiu per\u00f2 no limitatiu, a no utilitzar-los per:<\/p><ul data-start=\"1293\" data-end=\"1589\"><li data-start=\"1293\" data-end=\"1387\"><p data-start=\"1295\" data-end=\"1387\">Inc\u00f3rrer en activitats il\u00b7l\u00edcites, il\u00b7legals o contr\u00e0ries a la bona fe i a l\u2019ordre p\u00fablic.<\/p><\/li><li data-start=\"1388\" data-end=\"1491\"><p data-start=\"1390\" data-end=\"1491\">Provocar danys als sistemes f\u00edsics i l\u00f2gics del titular del web, dels seus prove\u00efdors o de tercers.<\/p><\/li><li data-start=\"1492\" data-end=\"1589\"><p data-start=\"1494\" data-end=\"1589\">Introduir o difondre virus inform\u00e0tics o qualsevol altre sistema susceptible de provocar danys.<\/p><\/li><\/ul><h3 data-start=\"1591\" data-end=\"1634\">4. Propietat intel\u00b7lectual i industrial<\/h3><p data-start=\"1636\" data-end=\"2003\">Tots els continguts del lloc web, incloent-hi, entre d\u2019altres, textos, fotografies, gr\u00e0fics, imatges, icones, tecnologia, programari, aix\u00ed com el seu disseny gr\u00e0fic i codis font, s\u00f3n propietat de Georigen o de tercers, sense que es puguin entendre cedits a l\u2019usuari cap dels drets d\u2019explotaci\u00f3 reconeguts per la normativa vigent en mat\u00e8ria de propietat intel\u00b7lectual.<\/p><p data-start=\"2005\" data-end=\"2165\">Queda prohibida la reproducci\u00f3, distribuci\u00f3 o comunicaci\u00f3 p\u00fablica, total o parcial, dels continguts d\u2019aquest lloc web sense l\u2019autoritzaci\u00f3 expressa del titular.<\/p><h3 data-start=\"2167\" data-end=\"2189\">5. Responsabilitat<\/h3><p data-start=\"2191\" data-end=\"2503\">Georigen no es fa responsable dels danys o perjudicis de qualsevol naturalesa que poguessin ocasionar-se per errors o omissions en els continguts, manca de disponibilitat del lloc web o la transmissi\u00f3 de virus o programes maliciosos, tot i haver adoptat totes les mesures tecnol\u00f2giques necess\u00e0ries per evitar-ho.<\/p><h3 data-start=\"2505\" data-end=\"2528\">6. Enlla\u00e7os externs<\/h3><p data-start=\"2530\" data-end=\"2813\">En el cas que a <strong data-start=\"2546\" data-end=\"2562\">georigen.com<\/strong> es disposessin enlla\u00e7os o hipervincles cap a altres llocs d\u2019Internet, Georigen no exercir\u00e0 cap tipus de control sobre aquests llocs i continguts. En cap cas assumir\u00e0 responsabilitat alguna pels continguts d\u2019algun enlla\u00e7 pertanyent a un lloc web ali\u00e8.<\/p><h3 data-start=\"2815\" data-end=\"2840\">7. Protecci\u00f3 de dades<\/h3><p data-start=\"2842\" data-end=\"3110\">El tractament de les dades personals dels usuaris es realitzar\u00e0 d\u2019acord amb el que estableix la normativa vigent en mat\u00e8ria de protecci\u00f3 de dades. Pots consultar tota la informaci\u00f3 relativa al tractament de dades personals a la <strong data-start=\"3070\" data-end=\"3096\">Pol\u00edtica de Privacitat<\/strong> del lloc web.<\/p><h3 data-start=\"3112\" data-end=\"3153\">8. Legislaci\u00f3 aplicable i jurisdicci\u00f3<\/h3><p data-start=\"3155\" data-end=\"3350\">La relaci\u00f3 entre Georigen i l\u2019usuari es regir\u00e0 per la normativa espanyola vigent. Qualsevol controv\u00e8rsia se sotmetr\u00e0 als jutjats i tribunals que corresponguin d\u2019acord amb la legislaci\u00f3 aplicable.<\/p>\t\t\t\t\t\t\t\t<\/div>\n\t\t\t\t\t<\/div>\n\t\t\t\t<\/div>\n\t\t\t\t<\/div>","protected":false},"excerpt":{"rendered":"<p>Av\u00eds legal En compliment amb el deure d\u2019informaci\u00f3 establert a la Llei 34\/2002, d\u201911 de juliol, de serveis de la societat de la informaci\u00f3 i de comer\u00e7 electr\u00f2nic (LSSI-CE), s\u2019informa del seg\u00fcent: 1. Dades identificatives Titular del lloc web: GEORIGEN LLIBERIA&#8217;S SLNom comercial: GeorigenCIF: B75563122Domicili social: Avenida Catalunya 185\u00ba B 17300. 17300, Blanes (Girona). Espa\u00f1aCorreu [&hellip;]<\/p>","protected":false},"author":1,"featured_media":0,"parent":0,"menu_order":0,"comment_status":"closed","ping_status":"closed","template":"","meta":{"_acf_changed":false,"inline_featured_image":false,"footnotes":""},"class_list":["post-255","page","type-page","status-publish","hentry"],"acf":[],"_links":{"self":[{"href":"https:\/\/georigen.com\/es\/wp-json\/wp\/v2\/pages\/255","targetHints":{"allow":["GET"]}}],"collection":[{"href":"https:\/\/georigen.com\/es\/wp-json\/wp\/v2\/pages"}],"about":[{"href":"https:\/\/georigen.com\/es\/wp-json\/wp\/v2\/types\/page"}],"author":[{"embeddable":true,"href":"https:\/\/georigen.com\/es\/wp-json\/wp\/v2\/users\/1"}],"replies":[{"embeddable":true,"href":"https:\/\/georigen.com\/es\/wp-json\/wp\/v2\/comments?post=255"}],"version-history":[{"count":7,"href":"https:\/\/georigen.com\/es\/wp-json\/wp\/v2\/pages\/255\/revisions"}],"predecessor-version":[{"id":263,"href":"https:\/\/georigen.com\/es\/wp-json\/wp\/v2\/pages\/255\/revisions\/263"}],"wp:attachment":[{"href":"https:\/\/georigen.com\/es\/wp-json\/wp\/v2\/media?parent=255"}],"curies":[{"name":"wp","href":"https:\/\/api.w.org\/{rel}","templated":true}]}}